{"id":899,"date":"2020-05-18T20:29:55","date_gmt":"2020-05-18T18:29:55","guid":{"rendered":"https:\/\/www.bokseklubben.dk\/event\/?page_id=899"},"modified":"2020-05-18T20:29:55","modified_gmt":"2020-05-18T18:29:55","slug":"matchchek-da","status":"publish","type":"page","link":"https:\/\/hskboxcup.dk\/event\/matchchek-da\/","title":{"rendered":"Match check"},"content":{"rendered":"\n<p>Her kan du se om 2 boksere kan m\u00f8de hinanden i f\u00f8lge DABU&#8217;s regler.<br>\n\t\t\t\t\n\t\t<form method=\"post\">\n\n          <input name=\"bkon\"  type=\"radio\" value=\"M\" checked=\"checked\">Mand\n          &nbsp;&nbsp;&nbsp;\n          <input name=\"bkon\"  type=\"radio\" value=\"F\">Kvinde\n\t\t<table>\n\t\t<tr>\n\t\t<th><\/th>\n\t\t<th>BOKSER 1 <\/th>\n\t\t<th>BOKSER 2 <\/th>\n\t\t<\/tr>\n\t\t<tr>\n\t\t<td width=\"5%\">F&#248dselsdato<\/td>\n\t\t<td><input name=\"b1fdag\" type=\"date\" required=\"required\" placeholder = \"F&#248dselsdato\">\n\t\t<\/td>\n\t\t<td><input name=\"b2fdag\" type=\"date\" required=\"required\" placeholder = \"F&#248dselsdato\">\n\t\t<\/td>\n\t\t<\/tr>\n        <tr>\n        <td width=\"5%\">V&#230gt i Kg.<\/td>\n        <td><input name=\"b1vaegt\" type=\"number\" step=\"0.1\" size=\"10\" required=\"required\" placeholder = \"V&#230gt i Kg.\">\n        <\/td>\n        <td><input name=\"b2vaegt\" type=\"number\" step=\"0.1\" size=\"10\" required=\"required\" placeholder = \"V&#230gt i Kg.\">\n        <\/td>\n        <\/tr>\n        <\/table>\n\t\t<input class=\"bcb-button bcb-bgroen\" name=\"Mchk_sub\" type=\"submit\" id=\"Mchk_sub\" value=\"S&#248g\">\n\t\t<\/form>\n\t\t\n\n\n\n<hr class=\"wp-block-separator\" \/>\n\n\n\n<p>Udsnit af DABU&#8217;s Konkurrencereglement<br><a href=\"http:\/\/www.dabu.dk\/wp-content\/uploads\/2018\/04\/DaBU_-Konkurrencereglement_01-01-2018.pdf\" target=\"_blank\" rel=\"noreferrer noopener\">Se hele&nbsp;Konkurrencereglementet her<\/a><\/p>\n\n\n\n<p>Aldersklasser:<br><em>Bokses der p\u00e5 tv\u00e6rs af aldersgrupper,<\/em><br><em>m\u00e5 der maksimalt v\u00e6re en aldersforskel p\u00e5 24 m\u00e5neder, de 2 boksere imellem. Denne<\/em><br><em>aldersforskel afg\u00f8res p\u00e5 f\u00f8dselsdato. Ved kamp p\u00e5 tv\u00e6rs af aldersgrupper (aftales og godkendes<\/em><br><em>af tr\u00e6nere og officials) , bokses altid p\u00e5 den yngstes pr\u00e6misser.<br>U19 m\u00e5 ikke m\u00f8de elite, ved mesterskaber og internationale turneringer. Nationalt<br>dispenseres fra denne regel, s\u00e5ledes at 24 m\u00e5neders reglen (p\u00e5 datoen) er g\u00e6ldende. Der<br>bokses efter U19 reglement, hvilket betyder at alle kampe bokses med hjelm.<\/em><\/p>\n\n\n\n<p>V\u00e6gtklasser:<br><em>Bokses der p\u00e5 tv\u00e6rs af v\u00e6gtgr\u00e6nser, er laveste v\u00e6gtklasse afg\u00f8rende for v\u00e6gtdifference, de<\/em><br><em>to boksere imellem.<\/em><br><em>Eks: En bokser vejer 62. Kg. V\u00e6gtklassen er 60 \u2013 64 kg. Bokser m\u00e5 m\u00f8de modstander der maksimalt<\/em><br><em>vejer 66 kg.<\/em><\/p>\n ","protected":false},"excerpt":{"rendered":"<p>Her kan du se om 2 boksere kan m\u00f8de hinanden i f\u00f8lge DABU&#8217;s regler. Udsnit af DABU&#8217;s KonkurrencereglementSe hele&nbsp;Konkurrencereglementet her Aldersklasser:Bokses der p\u00e5 tv\u00e6rs af aldersgrupper,m\u00e5 der maksimalt v\u00e6re en aldersforskel p\u00e5 24 m\u00e5neder, de 2 boksere imellem. Dennealdersforskel afg\u00f8res p\u00e5 f\u00f8dselsdato. Ved kamp p\u00e5 tv\u00e6rs af aldersgrupper (aftales og godkendesaf tr\u00e6nere og officials) , [&hellip;]<\/p>\n","protected":false},"author":1,"featured_media":0,"parent":0,"menu_order":0,"comment_status":"closed","ping_status":"closed","template":"","meta":{"footnotes":""},"folder":[5],"class_list":["post-899","page","type-page","status-publish","hentry"],"_links":{"self":[{"href":"https:\/\/hskboxcup.dk\/event\/wp-json\/wp\/v2\/pages\/899","targetHints":{"allow":["GET"]}}],"collection":[{"href":"https:\/\/hskboxcup.dk\/event\/wp-json\/wp\/v2\/pages"}],"about":[{"href":"https:\/\/hskboxcup.dk\/event\/wp-json\/wp\/v2\/types\/page"}],"author":[{"embeddable":true,"href":"https:\/\/hskboxcup.dk\/event\/wp-json\/wp\/v2\/users\/1"}],"replies":[{"embeddable":true,"href":"https:\/\/hskboxcup.dk\/event\/wp-json\/wp\/v2\/comments?post=899"}],"version-history":[{"count":0,"href":"https:\/\/hskboxcup.dk\/event\/wp-json\/wp\/v2\/pages\/899\/revisions"}],"wp:attachment":[{"href":"https:\/\/hskboxcup.dk\/event\/wp-json\/wp\/v2\/media?parent=899"}],"wp:term":[{"taxonomy":"folder","embeddable":true,"href":"https:\/\/hskboxcup.dk\/event\/wp-json\/wp\/v2\/folder?post=899"}],"curies":[{"name":"wp","href":"https:\/\/api.w.org\/{rel}","templated":true}]}}