{"id":750,"date":"2020-05-03T19:18:38","date_gmt":"2020-05-03T17:18:38","guid":{"rendered":"https:\/\/www.bokseklubben.dk\/event\/?page_id=750"},"modified":"2024-05-18T07:33:48","modified_gmt":"2024-05-18T05:33:48","slug":"forside-da","status":"publish","type":"page","link":"https:\/\/hskboxcup.dk\/event\/","title":{"rendered":"Event system"},"content":{"rendered":"\r\n<p class=\"has-medium-font-size\"><strong>Dette er HSK&#8217; Event sytem.<br \/>Her kan du tilmelde events som HSK BOX CUP og andre arrangementer.<\/strong><\/p>\r\n\r\n\r\n\r\n<p><strong> P\u00e5 de forskellige sider findes der et infofelt som beskriver og guider i de forskellige moduler (klik p\u00e5 Plus tegnet).<\/strong><\/p>\r\n\r\n\r\n<div class=\"su-spoiler su-spoiler-style-default su-spoiler-icon-plus su-spoiler-closed\" data-scroll-offset=\"0\" data-anchor-in-url=\"no\"><div class=\"su-spoiler-title\" tabindex=\"0\" role=\"button\"><span class=\"su-spoiler-icon\"><\/span>INFO\/HJ\u00c6LP (klik her)<\/div><div class=\"su-spoiler-content su-u-clearfix su-u-trim\"> Eksempel p\u00e5 hj\u00e6lpe\/guide der findes i de forskellige moduler. <\/div><\/div>\n\r\n\r\n\r\n<p>Opret en team profil og kom i gang med tilmelding til HSK events.<br \/>Bem\u00e6rk at det kr\u00e6ver 2 trin at tilmelde!<br \/>1- F\u00f8rst oprettes team og medlemmer af teamaet (boksere, ledere og dommere).<br \/>2- Herefter kan tilmelding til et event og tilvalg foretages for medlemmer, samlet eller for den enkelte.\u00a0<br \/><br \/>P\u00e5 teamprofilen kan man se hvilke envents der er tilmeldt.<\/p>\r\n<p>Det anbefales at team administration fortages p\u00e5 en PC eller tablet.. Mobiltelefon er ikke optimal til dette!<br \/>Har du brug for hj\u00e6lp kan du skrive til: <a href=\"mailto:support@hskboxcup.dk\">support@hskboxcup.dk<\/a>\u00a0<\/p>\r\n<p>Vi ser frem til at modtage jeres team til vores envents.<br \/>Med venlig hilsen<br \/>Hiller\u00f8d Sports Klub<\/p>\r\n\r\n\r\n\r\n\r\n\r\n<div class=\"wp-block-image\">\r\n<figure class=\"alignleft size-large\"><img decoding=\"async\" src=\"https:\/\/www.bokseklubben.dk\/event\/wp-content\/uploads\/sites\/4\/2020\/05\/hsklogo_small.jpg\" alt=\"\" \/><\/figure>\r\n<\/div>\r\n\r\n\r\n\r\n<p>&nbsp;<\/p>\r\n ","protected":false},"excerpt":{"rendered":"<p>Dette er HSK&#8217; Event sytem.Her kan du tilmelde events som HSK BOX CUP og andre arrangementer. P\u00e5 de forskellige sider findes der et infofelt som beskriver og guider i de forskellige moduler (klik p\u00e5 Plus tegnet). Opret en team profil og kom i gang med tilmelding til HSK events.Bem\u00e6rk at det kr\u00e6ver 2 trin at [&hellip;]<\/p>\n","protected":false},"author":1,"featured_media":0,"parent":0,"menu_order":0,"comment_status":"closed","ping_status":"closed","template":"","meta":{"footnotes":""},"folder":[5],"class_list":["post-750","page","type-page","status-publish","hentry"],"_links":{"self":[{"href":"https:\/\/hskboxcup.dk\/event\/wp-json\/wp\/v2\/pages\/750","targetHints":{"allow":["GET"]}}],"collection":[{"href":"https:\/\/hskboxcup.dk\/event\/wp-json\/wp\/v2\/pages"}],"about":[{"href":"https:\/\/hskboxcup.dk\/event\/wp-json\/wp\/v2\/types\/page"}],"author":[{"embeddable":true,"href":"https:\/\/hskboxcup.dk\/event\/wp-json\/wp\/v2\/users\/1"}],"replies":[{"embeddable":true,"href":"https:\/\/hskboxcup.dk\/event\/wp-json\/wp\/v2\/comments?post=750"}],"version-history":[{"count":6,"href":"https:\/\/hskboxcup.dk\/event\/wp-json\/wp\/v2\/pages\/750\/revisions"}],"predecessor-version":[{"id":1266,"href":"https:\/\/hskboxcup.dk\/event\/wp-json\/wp\/v2\/pages\/750\/revisions\/1266"}],"wp:attachment":[{"href":"https:\/\/hskboxcup.dk\/event\/wp-json\/wp\/v2\/media?parent=750"}],"wp:term":[{"taxonomy":"folder","embeddable":true,"href":"https:\/\/hskboxcup.dk\/event\/wp-json\/wp\/v2\/folder?post=750"}],"curies":[{"name":"wp","href":"https:\/\/api.w.org\/{rel}","templated":true}]}}