{"id":716,"date":"2020-04-09T21:16:54","date_gmt":"2020-04-09T19:16:54","guid":{"rendered":"https:\/\/www.bokseklubben.dk\/bc\/?page_id=716"},"modified":"2020-04-09T21:16:54","modified_gmt":"2020-04-09T19:16:54","slug":"bcb-terms-da","status":"publish","type":"page","link":"https:\/\/hskboxcup.dk\/event\/bcb-terms-da\/","title":{"rendered":"Betingelser og data for tilmeldings system"},"content":{"rendered":"\n<p>Dette er betingelserne for at bruge HSK tilmeldings modul.<br>Bem\u00e6rk! der g\u00e6lder selvst\u00e6ndige betingelser for selve tilmeldingerne. <br><br><strong>Klub\/team profil<br><\/strong>Alle klubber\/teams kan oprette en profil.<br>Der skal tilknyttes en ansvarlig person p\u00e5 team\/klub profilen.<br>HSK forbeholder sig ret til at blokere eller slette profiler uden varsel, ved f\u00f8lgende\u2026<br>-Ved misbrug eller mistanke herom.<br>-Ved inaktivitet i mere end 3 mdr.<br>Den klub\/team ansvarlige kan tildele rettigheder for medlemmer.<br>I denne forbindelse dennes ansvar at oplyse om disse betingelser<br><br><strong>Data.<\/strong><br>Data gemmes i tilmeldingssystemet fordelt p\u00e5 brugere og medlemmer.<br>Data bruges kun i forbindelse med afvikling at turneringer og videregives ikke til 3.part med mindre andet er oplyst herunder.<br>Den enkelte klub eller team er ansvarlig for at data er korrekte og opdateret.<br>N\u00e5r HSK sletter en team profil slettes alle data permanent.<br>Dog med undtagelse af deltagerlister og resultatlister for boksere for turneringer der er afviklet. <\/p>\n\n\n\n<p><em>*Team administrator, teamdata <\/em><br>Data bruges for kontakt til team\/klub vedr. information, bekr\u00e6ftelser og  kvitteringer, fra HSK&#8217;s turnerings ansvarlige.<br>Klubnavn og undertitel vil optr\u00e6de p\u00e5 online lister.<br> <br><em>*Ledere, tr\u00e6nere og matchmakere.<\/em><br>Data bruges udelukkende til information om kommende eller igangv\u00e6rende turnering.<br>Data bruges af HSK&#8217;s turnerings ansvarlige, samt turnerings sekretariat, under eks. matchning.<br><br><em>*Dommer\/kampledere.<\/em><br>Data bruges udelukkende til information om kommende eller igangv\u00e6rende turnering.<br>Data bruges af HSK\u2019s turnerings ansvarlige, samt turnerings sekretariat.<br>Data kan videregives til forbundets dommer\/kampleder udvalg, dels for planl\u00e6gning f\u00f8r og registrering efter en turnering.      <br> <br><em>*Boksere.<\/em><br>Data bruges af HSK\u2019s turnerings ansvarlige f\u00f8r turnering, for at skabe overblik af tilmelding og matchnings muligheder.<br>Under turneringen bruges data af turnerings sekretariat for matching og registrering af resultater.<br>Deltagerliste og resultater videregives til forbund DaBU, efter endt turnering.<br>(Klubdata, navn, f\u00f8dselsdato, aldersklasse, v\u00e6gtklasse og resultat)<br>Deltagerlister kan vises online f\u00f8r turnerings start.<br>(Klub, land, initialer, aldersklasse og v\u00e6gtklasse)<br>Kamp og resultat lister vises online under og efter afvikling af turnering.<br>(Klub, land, navn, aldersklasse og v\u00e6gtklasse, kampnr., gruppe og resultat)<br><br><br><br><br><\/p>\n ","protected":false},"excerpt":{"rendered":"<p>Dette er betingelserne for at bruge HSK tilmeldings modul.Bem\u00e6rk! der g\u00e6lder selvst\u00e6ndige betingelser for selve tilmeldingerne. Klub\/team profilAlle klubber\/teams kan oprette en profil.Der skal tilknyttes en ansvarlig person p\u00e5 team\/klub profilen.HSK forbeholder sig ret til at blokere eller slette profiler uden varsel, ved f\u00f8lgende\u2026-Ved misbrug eller mistanke herom.-Ved inaktivitet i mere end 3 mdr.Den klub\/team [&hellip;]<\/p>\n","protected":false},"author":1,"featured_media":0,"parent":0,"menu_order":0,"comment_status":"closed","ping_status":"closed","template":"","meta":{"footnotes":""},"folder":[3],"class_list":["post-716","page","type-page","status-publish","hentry"],"_links":{"self":[{"href":"https:\/\/hskboxcup.dk\/event\/wp-json\/wp\/v2\/pages\/716","targetHints":{"allow":["GET"]}}],"collection":[{"href":"https:\/\/hskboxcup.dk\/event\/wp-json\/wp\/v2\/pages"}],"about":[{"href":"https:\/\/hskboxcup.dk\/event\/wp-json\/wp\/v2\/types\/page"}],"author":[{"embeddable":true,"href":"https:\/\/hskboxcup.dk\/event\/wp-json\/wp\/v2\/users\/1"}],"replies":[{"embeddable":true,"href":"https:\/\/hskboxcup.dk\/event\/wp-json\/wp\/v2\/comments?post=716"}],"version-history":[{"count":0,"href":"https:\/\/hskboxcup.dk\/event\/wp-json\/wp\/v2\/pages\/716\/revisions"}],"wp:attachment":[{"href":"https:\/\/hskboxcup.dk\/event\/wp-json\/wp\/v2\/media?parent=716"}],"wp:term":[{"taxonomy":"folder","embeddable":true,"href":"https:\/\/hskboxcup.dk\/event\/wp-json\/wp\/v2\/folder?post=716"}],"curies":[{"name":"wp","href":"https:\/\/api.w.org\/{rel}","templated":true}]}}