{"id":639,"date":"2020-04-05T21:03:25","date_gmt":"2020-04-05T19:03:25","guid":{"rendered":"https:\/\/www.bokseklubben.dk\/bc\/?page_id=639"},"modified":"2022-06-05T23:30:15","modified_gmt":"2022-06-05T21:30:15","slug":"login-da","status":"publish","type":"page","link":"https:\/\/hskboxcup.dk\/event\/login-da\/","title":{"rendered":"TEAM Login"},"content":{"rendered":"<p><\/p>\r\n<div class=\"su-spoiler su-spoiler-style-default su-spoiler-icon-plus su-spoiler-closed\" data-scroll-offset=\"0\" data-anchor-in-url=\"no\"><div class=\"su-spoiler-title\" tabindex=\"0\" role=\"button\"><span class=\"su-spoiler-icon\"><\/span>INFO\/HJ\u00c6LP (klik her)<\/div><div class=\"su-spoiler-content su-u-clearfix su-u-trim\"> P\u00e5 denne side logger du p\u00e5 jeres team. <br \/>-Hvis du ikke har en profil skal du oprette en ny profil ved at klikke p\u00e5 knappen &#8220;Tilf\u00f8j ny profil&#8221; i menuen til h\u00f8jre (i bunden p\u00e5 mobil enhed).<br \/>-Hvis du har oprettet en profil og den skal aktiveres, klik p\u00e5 knappen &#8220;Aktiver ny profil&#8221; i menuen til h\u00f8jre (i bunden p\u00e5 mobil enhed). <br \/>-Har du glemt dit password kan du klikke p\u00e5 knappen under login og f\u00e5 tilsendt et nyt p\u00e5 mail. <\/div><\/div>\r\n<h1>Log p&#229 profil<\/h1>\n\t\t\t\t\t\n\t\t\t\t\t<form method=\"post\">\n\t\t\t\t\t<table>\n\t\t\t\t\t<tr><td><input name=\"bcb_mail_log\" type=\"email\" required=\"required\" size=\"20\" value=\"\" placeholder=\"Mailadresse\" ><\/td><\/tr>\n\t\t\t\t\t<tr><td><input name=\"bcb_pwd_log\" type=\"password\" required=\"required\" size=\"20\" placeholder=\"Kode\/password\"><\/td><\/tr>\n\t\t\t\t\t<\/table>\n\t\t\t\t\t<p>\n\t\t\t\t\t<input class=\"bcb-button bcb-bsort\" name=\"bcb_log_sub\" type=\"submit\" value=\"Log ind\">\n\t\t\t\t\t<\/p>\n\t\t\t\t\t<\/form>\n\t\t\t\t\t<hr>\n\t\t\t\t\t<form method=\"Post\">\n\t\t\t\t\t<input class=\"bcb-button bcb-bblaa\" name=\"RESETPWD\" type=\"submit\"   value=\"Glemt kode\/password\"><\/td>\n\t\t\t\t\t<\/tr> <\/table><\/form>\r\n ","protected":false},"excerpt":{"rendered":"","protected":false},"author":1,"featured_media":0,"parent":0,"menu_order":0,"comment_status":"closed","ping_status":"closed","template":"","meta":{"footnotes":""},"folder":[6],"class_list":["post-639","page","type-page","status-publish","hentry"],"_links":{"self":[{"href":"https:\/\/hskboxcup.dk\/event\/wp-json\/wp\/v2\/pages\/639","targetHints":{"allow":["GET"]}}],"collection":[{"href":"https:\/\/hskboxcup.dk\/event\/wp-json\/wp\/v2\/pages"}],"about":[{"href":"https:\/\/hskboxcup.dk\/event\/wp-json\/wp\/v2\/types\/page"}],"author":[{"embeddable":true,"href":"https:\/\/hskboxcup.dk\/event\/wp-json\/wp\/v2\/users\/1"}],"replies":[{"embeddable":true,"href":"https:\/\/hskboxcup.dk\/event\/wp-json\/wp\/v2\/comments?post=639"}],"version-history":[{"count":1,"href":"https:\/\/hskboxcup.dk\/event\/wp-json\/wp\/v2\/pages\/639\/revisions"}],"predecessor-version":[{"id":1097,"href":"https:\/\/hskboxcup.dk\/event\/wp-json\/wp\/v2\/pages\/639\/revisions\/1097"}],"wp:attachment":[{"href":"https:\/\/hskboxcup.dk\/event\/wp-json\/wp\/v2\/media?parent=639"}],"wp:term":[{"taxonomy":"folder","embeddable":true,"href":"https:\/\/hskboxcup.dk\/event\/wp-json\/wp\/v2\/folder?post=639"}],"curies":[{"name":"wp","href":"https:\/\/api.w.org\/{rel}","templated":true}]}}