{"id":461,"date":"2020-03-29T19:33:17","date_gmt":"2020-03-29T17:33:17","guid":{"rendered":"https:\/\/www.bokseklubben.dk\/event\/?page_id=461"},"modified":"2023-04-16T10:02:55","modified_gmt":"2023-04-16T08:02:55","slug":"p-opret-da","status":"publish","type":"page","link":"https:\/\/hskboxcup.dk\/event\/p-opret-da\/","title":{"rendered":"Ny team profil"},"content":{"rendered":"\r\n<div class=\"su-spoiler su-spoiler-style-default su-spoiler-icon-plus su-spoiler-closed\" data-scroll-offset=\"0\" data-anchor-in-url=\"no\"><div class=\"su-spoiler-title\" tabindex=\"0\" role=\"button\"><span class=\"su-spoiler-icon\"><\/span>INFO\/HJ\u00c6LP (klik her)<\/div><div class=\"su-spoiler-content su-u-clearfix su-u-trim\"> Her opretter du en ny profil og aktiverer den i systemet.<br \/>Felterne her er de grundl\u00e6ggende data for jeres nye profil.<br \/>Udfyld felterne og klik p\u00e5 &#8220;send aktiveringskode&#8221;.<br \/>-Herefter skal du modtage en mail op oplyste email med en aktiveringskode for at bekr\u00e6fte din e-mail.<br \/>-F\u00f8lg linket i mailen eller klik p\u00e5 knappen &#8220;Aktiver ny profil&#8221; i menuen til h\u00f8jre (i bunden p\u00e5 mobil enhed).<br \/>Ved aktivering skal du indtaste mailadresse og den kode du har modtaget efter oprettelsen.<br \/>F\u00f8rste gang du logger p\u00e5 skal du f\u00e6rdig\u00f8re jeres profil, med flere team informationer og godkende betingelserne for systemet,<br \/>f\u00f8r du f\u00e5r adgang til at oprette boksere, ledere, dommere og medlemmer, samt at tilmelde disse til events.\u00a0 \u00a0 \u00a0\u00a0<br \/>\u00a0<\/div><\/div>\r\n<h1>Oprettelse af profil <\/h1>\n\t\t\t\t<form method=\"post\">\n\t\t\t\t<input id=\"level0\" type=\"hidden\" value=\"For kort\">\n\t\t\t\t<input id=\"level1\" type=\"hidden\" value=\"Meget svag\">\n\t\t\t\t<input id=\"level2\" type=\"hidden\" value=\"Svag\">\n\t\t\t\t<input id=\"level4\" type=\"hidden\" value=\"God\">\n\t\t\t\t<input id=\"level5\" type=\"hidden\" value=\"St&#230rk\">\n\t\t\t\t<input id=\"pwnoteq\" type=\"hidden\" value=\"Indtastet paswords er ikke ens!\">\n\t\t\t\t<input id=\"mailnoteq\" type=\"hidden\" value=\"Indtastet mails er ikke ens!\">\n\t\t\t\t<input id=\"capnoteq\" type=\"hidden\" value=\"Indtastet kode ikke korrekt!\">\n\t\t\t\t<table>\n\t\t\t\t<tr><td><b>Klub\/Teamnavn<\/b><\/td><\/tr>\n    \t\t\t<tr><td><input name=\"bcb_cname_reg\" type=\"text\" size=\"20\" placeholder=\"Klubnavn\" required=\"required\"><\/td><\/tr>\n\t\t\t\t<tr><td><b>Klub eller team ansvarlig<\/b><\/td><\/tr>\n    \t\t\t<tr><td><input name=\"bcb_mail1_reg\" id=\"mail1\" type=\"email\" size=\"20\" placeholder=\"Mailadresse\" required=\"required\"><br>\n    \t\t\t<input name=\"bcb_mail2_reg\" id=\"mail2\" type=\"email\" size=\"20\" placeholder=\"Gentag mailadresse\" required=\"required\" onkeyup=\"testMaildual()\">&nbsp;<txt id=\"bcb_mailchktxt\"><\/txt>\n    \t\t\t<\/td><\/tr>\n\t\t\t\t<tr><td>\n\t\t\t\t<input name=\"bcb_pwd1_reg\" id=\"bcb_pwd1\" type=\"password\" size=\"20\" placeholder=\"V&#230lg en adgangskode\" minlength=8 required=\"required\" onkeyup=\"testPassword()\">&nbsp;<txt id=\"bcb_pw1txt\"><\/txt>\n\t\t\t\t<br>\n\t\t\t\t<input name=\"bcb_pwd2_reg\" id=\"bcb_pwd2\" type=\"password\" size=\"20\" placeholder=\"Gentag adgangskode\" required=\"required\" onkeyup=\"testPassworddual()\"\">&nbsp;<txt id=\"bcb_pw2txt\"><\/txt>\n\t\t\t\t<\/td><\/tr>\n\t\t\t\t<tr><td><input name=\"bcb_cap2_reg\" id=\"bcb_cap1\" type=\"hidden\" value=\"AAGE\" ><\/td><td>\n\t\t\t\t<tr><td><b>Ikke robot! Bekr&#230ft kode<\/b><\/td><\/tr>\n\t\t\t\t<tr><td><img decoding=\"async\" src=\"https:\/\/hskboxcup.dk\/event\/wp-content\/plugins\/BoxCupBase\/frontend\/cap\/A.png\">\n\t     \t\t<img decoding=\"async\" src=\"https:\/\/hskboxcup.dk\/event\/wp-content\/plugins\/BoxCupBase\/frontend\/cap\/A.png\"> \n\t    \t\t<img decoding=\"async\" src=\"https:\/\/hskboxcup.dk\/event\/wp-content\/plugins\/BoxCupBase\/frontend\/cap\/G.png\"> \n\t    \t\t<img decoding=\"async\" src=\"https:\/\/hskboxcup.dk\/event\/wp-content\/plugins\/BoxCupBase\/frontend\/cap\/E.png\">\n  \t\t\t\t<br><input name=\"bcb_cap1_reg\" id=\"bcb_cap2\" type=\"text\" size=\"6\" placeholder=\"Bekr&#230ft kode\" required=\"required\" onkeyup=\"testCap()\">&nbsp;<txt id=\"bcb_captxt\"><\/txt>\n  \t\t\t\t<\/td><\/tr>\n\t\t\t\t<\/table>\n\t\t\t\t<p>\n    \t\t\t<input class=\"bcb-button bcb-bsort\" name=\"bcb_reg_sub\" type=\"submit\" id=\"bcb_reg_sub\" value=\"Send aktiveringskode\">\n\t\t\t\t<\/p>\n\t\t\t\t<\/form>\n\t\t\t\t<hr>\r\n ","protected":false},"excerpt":{"rendered":"","protected":false},"author":1,"featured_media":0,"parent":0,"menu_order":0,"comment_status":"closed","ping_status":"closed","template":"","meta":{"footnotes":""},"folder":[12],"class_list":["post-461","page","type-page","status-publish","hentry"],"_links":{"self":[{"href":"https:\/\/hskboxcup.dk\/event\/wp-json\/wp\/v2\/pages\/461","targetHints":{"allow":["GET"]}}],"collection":[{"href":"https:\/\/hskboxcup.dk\/event\/wp-json\/wp\/v2\/pages"}],"about":[{"href":"https:\/\/hskboxcup.dk\/event\/wp-json\/wp\/v2\/types\/page"}],"author":[{"embeddable":true,"href":"https:\/\/hskboxcup.dk\/event\/wp-json\/wp\/v2\/users\/1"}],"replies":[{"embeddable":true,"href":"https:\/\/hskboxcup.dk\/event\/wp-json\/wp\/v2\/comments?post=461"}],"version-history":[{"count":9,"href":"https:\/\/hskboxcup.dk\/event\/wp-json\/wp\/v2\/pages\/461\/revisions"}],"predecessor-version":[{"id":1165,"href":"https:\/\/hskboxcup.dk\/event\/wp-json\/wp\/v2\/pages\/461\/revisions\/1165"}],"wp:attachment":[{"href":"https:\/\/hskboxcup.dk\/event\/wp-json\/wp\/v2\/media?parent=461"}],"wp:term":[{"taxonomy":"folder","embeddable":true,"href":"https:\/\/hskboxcup.dk\/event\/wp-json\/wp\/v2\/folder?post=461"}],"curies":[{"name":"wp","href":"https:\/\/api.w.org\/{rel}","templated":true}]}}