{"id":1084,"date":"2022-06-05T23:05:15","date_gmt":"2022-06-05T21:05:15","guid":{"rendered":"https:\/\/hskboxcup.dk\/event\/?page_id=1084"},"modified":"2024-09-15T11:00:49","modified_gmt":"2024-09-15T09:00:49","slug":"support_dk","status":"publish","type":"page","link":"https:\/\/hskboxcup.dk\/event\/support_dk\/","title":{"rendered":"Hj\u00e6lp"},"content":{"rendered":"<p>&nbsp;<\/p>\r\n<p><strong>P\u00e5 de forskellige sider findes der et infofelt som beskriver og guider i de forskellige moduler (klik p\u00e5 Plus tegnet).<\/strong><\/p>\r\n<!-- \/wp:post-content -->\r\n\r\n<!-- wp:shortcode -->\r\n<div class=\"su-spoiler su-spoiler-style-default su-spoiler-icon-plus su-spoiler-closed\" data-scroll-offset=\"0\" data-anchor-in-url=\"no\"><div class=\"su-spoiler-title\" tabindex=\"0\" role=\"button\"><span class=\"su-spoiler-icon\"><\/span>INFO\/HJ\u00c6LP (klik her)<\/div><div class=\"su-spoiler-content su-u-clearfix su-u-trim\"> Eksempel p\u00e5 hj\u00e6lpe\/guide der findes i de forskellige moduler. <\/div><\/div>\r\n<!-- \/wp:shortcode -->\r\n\r\n<!-- wp:paragraph -->\r\n<p>Opret en team profil og kom i gang med tilmelding til HSK events.<br \/>Bem\u00e6rk at systemet er delt i 2.<br \/>1- F\u00f8rst oprettes bokser, leder eller dommer i teamet. <br \/>2- Herefter kan tilmelding og tilvalg foretages samlet og for den enkelte.<\/p>\r\n<p>Har du brug for hj\u00e6lp kan du skrive til: <a href=\"mailto:support@hskboxcup.dk\">support@hskboxcup.dk<\/a><br \/><br \/><span style=\"font-size: 14pt;\"><strong>Guides og FAQ<br \/><\/strong><\/span><\/p>\r\n<div class=\"su-spoiler su-spoiler-style-fancy su-spoiler-icon-plus-circle su-spoiler-closed\" data-anchor=\"FAQ1\" data-scroll-offset=\"0\" data-anchor-in-url=\"no\"><div class=\"su-spoiler-title\" tabindex=\"0\" role=\"button\"><span class=\"su-spoiler-icon\"><\/span>Opret en ny team profil<\/div><div class=\"su-spoiler-content su-u-clearfix su-u-trim\"><strong>Det er en klar anbefaling at brug af event siden sker fra en PC eller tablet (ikke mobiltelefon).<\/strong><br \/>For oprettelse af ny profil bruges knapper i sidemenu, i h\u00f8jre side.<br \/>&#8211; Klik p\u00e5 &#8220;opret ny profil&#8221;.<br \/>\u00a4 Ny side \u00e5bner &#8220;Ny Team profil&#8221;.<br \/>&#8211; Udfyld alle felter og klik p\u00e5 knappen &#8220;Send aktiveringskode&#8221; i bunden.<br \/>\u00a4 Der afsendes en mail fra systemet, til den oplyste mailadresse med en aktiveringskode og siden skifter til aktivering af profil.<br \/>\u00a4 Du kan ogs\u00e5 komme til aktivering af profil ved brug af knapper i side menuen.\u00a0<br \/>&#8211; Inds\u00e6t mailadresse og aktiveringskode og klik p\u00e5 &#8220;Aktivere profil&#8221;.<br \/>\u00a4 Hvis kode og mail er korrekt, er profilen nu aktiveret og siden skifter til login.<br \/>\u00a4 Du kan ogs\u00e5 komme til login siden ved at klikke p\u00e5 team i topmenuen eller ved brug af quik login\/ud i sidemenuen til h\u00f8jre.<br \/>&#8211; Indtast mailadresse og det valgte password.og klik p\u00e5 knappen &#8220;Log ind&#8221;.<br \/>\u00a4 F\u00f8rste gang du logger ind skal profilen f\u00e6rdig\u00f8res med data og detaljer om teamet. alle felter markeret med * skal udfyldes, ligesom betingelser skal godkendes.<br \/>&#8211; Efter udfyldelse klikkes der p\u00e5 knappen &#8220;Gem\/G\u00e5 tilbage&#8221;.<br \/>\u00a4 Siden skifter til Team siden som er udgangspunkt og overblik af profilen, Du kan altid vende tilbage til denne siden ved brug af knappen &#8220;Team profil&#8221; i siden menuen.<br \/>-Profilen er nu klar til at f\u00e5 tilf\u00f8jet medlemmer (boksere, ledere, dommere og teambrugere), dette sker ved brug af knapperne i sidemenuen.\u00a0 \u00a0 \u00a0\u00a0<br \/>\u00a0<\/div><\/div>\r\n<div class=\"su-spoiler su-spoiler-style-fancy su-spoiler-icon-plus-circle su-spoiler-closed\" data-anchor=\"FAQ2\" data-scroll-offset=\"0\" data-anchor-in-url=\"no\"><div class=\"su-spoiler-title\" tabindex=\"0\" role=\"button\"><span class=\"su-spoiler-icon\"><\/span>Glemt kodeord\/password<\/div><div class=\"su-spoiler-content su-u-clearfix su-u-trim\">Ved glemt password kan du g\u00e5 til log ind siden. (ikke quik login i\u00a0 sidemenuen til h\u00f8jre).<br \/>&#8211; Klik p\u00e5 team i top menuen.<br \/>\u00a4 Side for login \u00e5bner.<br \/>&#8211; Klik p\u00e5 knappen &#8220;Glemt kode\/password&#8221; i bunden.<br \/>\u00a4 Ny side \u00e5bner for ny kode\/password.<br \/>&#8211; Indtast profilens mailadresse og klik p\u00e5 knappen &#8220;Send ny kode\/password&#8221; i bunden.<br \/>\u00a4 Hvis mailen er korrekt, sendes der nu en mail til, men en engangskode.<br \/>&#8211; G\u00e5 til log ind siden og logp\u00e5 med mail og engangskoden.<br \/>&#8211; G\u00e5 herefter ind og og rediger i teamprofilen og v\u00e6lge et nyt password.<br \/>Bem\u00e6rk koden der er tilsendt kan kun bruges 1 gang!\u00a0 \u00a0<br \/>\u00a0<\/div><\/div>\r\n<div class=\"su-spoiler su-spoiler-style-fancy su-spoiler-icon-plus-circle su-spoiler-closed\" data-anchor=\"FAQ3\" data-scroll-offset=\"0\" data-anchor-in-url=\"no\"><div class=\"su-spoiler-title\" tabindex=\"0\" role=\"button\"><span class=\"su-spoiler-icon\"><\/span>Glemt mailadresse<\/div><div class=\"su-spoiler-content su-u-clearfix su-u-trim\">Skriv til: <a href=\"mailto:support@hskboxcup.dk\">support@hskboxcup.dk<\/a> med oplysninger op teamet.\u00a0<br \/>\u00a0<\/div><\/div>\r\n<div class=\"su-spoiler su-spoiler-style-fancy su-spoiler-icon-plus-circle su-spoiler-closed\" data-anchor=\"FAQ4\" data-scroll-offset=\"0\" data-anchor-in-url=\"no\"><div class=\"su-spoiler-title\" tabindex=\"0\" role=\"button\"><span class=\"su-spoiler-icon\"><\/span>Opret bokser<\/div><div class=\"su-spoiler-content su-u-clearfix su-u-trim\">N\u00e5r du er logget ind p\u00e5 teamprofilen kan boksere oprettes ved at klikke p\u00e5 knappen &#8220;boksere&#8221; i teammodulerne til h\u00f8jre.<br \/>\u00a4 Ny side \u00e5bner med liste over boksere i teamet.<br \/>&#8211; Klik p\u00e5 knappen &#8220;Tilf\u00f8j&#8221; til toppen.<br \/>\u00a4 Ny side \u00e5bner med felter for indtastning.<br \/>(V\u00e6r\u00a0 omhyggelig med at indtaste korrekte data)<br \/>K\u00f8n: mand\/kvinde\u00a0<br \/>Kampbog nr.: nummer p\u00e5 kampbog (prim\u00e6rt danske b\u00f8ger)<br \/>Fornavn: Fornavn og mellemnavn <br \/>Efternavn: Efternavn.<br \/>F\u00f8dselsdato: F\u00f8dselsdato (vigtig).<br \/>V\u00e6gt: V\u00e6gt i Kg. med 1 decimal<br \/>Diplomkampe: Antal diplomkampe.<br \/>Kampe: Antal kampe (husk ogs\u00e5 at anf\u00f8re kampe der ikke er med i g\u00e6ldende kampbog)<br \/>Vundet: Antal vundet kampe\u00a0<br \/>Tabt: Antal tabte kampe.<br \/>Anden relevant information i forhold til matching: Feltet er til information om anden kampsport og kamperfaring <br \/>og\/eller titler og mesterskaber.<br \/>Du skal tage h\u00f8jde for dette og tilf\u00f8je data, hvor det er relevant, ellers skal dette felt ikke udfyldes.<br \/>Is\u00e6r hvis det er oplysninger, der ikke fremg\u00e5r af kampb\u00f8ger.<br \/><br \/>-Klik p\u00e5 knappen &#8220;Gem&#8221; i bunden.<br \/>\u00a4Siden skifter tilbage til oversigt af boksere og bokser er nu tilf\u00f8jet teamet.<br \/><br \/>BEM\u00c6RK!<br \/>Bokser er ikke tilmeldt et event ved denne oprettelses.<br \/>Dette g\u00f8res efterf\u00f8lgende i separat step, hvor en eller flere fra teamet kan tilmeldes et event.<br \/><\/div><\/div>\r\n<div class=\"su-spoiler su-spoiler-style-fancy su-spoiler-icon-plus-circle su-spoiler-closed\" data-anchor=\"FAQ5\" data-scroll-offset=\"0\" data-anchor-in-url=\"no\"><div class=\"su-spoiler-title\" tabindex=\"0\" role=\"button\"><span class=\"su-spoiler-icon\"><\/span>Opdater bokser<\/div><div class=\"su-spoiler-content su-u-clearfix su-u-trim\">For at kunne tilmelde en bokser et nyt event skal data v\u00e6re opdateret.<br \/>Hvis data ikke er opdateret inden for den sidste m\u00e5ned, er det ikke muligt at v\u00e6lge denne bokser under tilmelding step 2.<br \/>Her vises i stedet en r\u00f8d firkant med en blyant.<br \/>Selv om der ikke er nogen \u00e6ndringer, \u00a0skal data gemmes\/opdateres og herved bekr\u00e6ftes.<br \/>Hvis en bokser ikke er opdateret vil dette fremg\u00e5 p\u00e5 Team siden.<br \/>&#8211; G\u00e5 til boksere i\u00a0 modul menuen til h\u00f8jre.<br \/>&#8211; Find bokser p\u00e5 listen og klik p\u00e5 knappen rediger (blyant) til h\u00f8jre.<br \/>&#8211; Ret evt. data.<br \/>-Klik &#8220;Gem\/opdater&#8221; i bunden.\u00a0\u00a0<\/p>\r\n<p>BEM\u00c6RK!<br \/>Data i aktive tilmeldinger opdateres ogs\u00e5, dog kun frem til tilmeldingsfrist.<br \/><\/div><\/div>\r\n<div class=\"su-spoiler su-spoiler-style-fancy su-spoiler-icon-plus-circle su-spoiler-closed\" data-anchor=\"FAQ6\" data-scroll-offset=\"0\" data-anchor-in-url=\"no\"><div class=\"su-spoiler-title\" tabindex=\"0\" role=\"button\"><span class=\"su-spoiler-icon\"><\/span>Teambruger\/Opret bruger <\/div><div class=\"su-spoiler-content su-u-clearfix su-u-trim\">Teambruger kan oprettes af den teamansvarlige som giver vedkomne adgang til teamet.<br \/>Brugeren kan oprette\/opdatere\u00a0 medlemmer og tilmelde medlemmer events, hvis team ansvarlig har givet denne tilladelse.<br \/>N\u00e5r brugeren oprettes, sender systemet en mail til vedkomne om oprettelsen, bruger navn er denne mail og password skal oplyses at teamadministrator.<br \/>Denne findes og kan \u00e6ndres under ops\u00e6tning at teamprofilen.<br \/>N\u00e5r Teambruger er logget p\u00e5 kan denne efterf\u00f8lgende selv \u00e6nder sig engen kode.<br \/>Bem\u00e6rk at der kan ikke oprettes en teambruger med en mailadresse der allerede er i systemet.\u00a0 \u00a0 \u00a0<br \/><\/div><\/div>\r\n<div class=\"su-spoiler su-spoiler-style-fancy su-spoiler-icon-plus-circle su-spoiler-closed\" data-anchor=\"FAQ7\" data-scroll-offset=\"0\" data-anchor-in-url=\"no\"><div class=\"su-spoiler-title\" tabindex=\"0\" role=\"button\"><span class=\"su-spoiler-icon\"><\/span>Tilmeld bokser, ledere og dommerkampledere<\/div><div class=\"su-spoiler-content su-u-clearfix su-u-trim\">N\u00e5r medlemmer af teamet er oprettet, kan de efterf\u00f8lgende tilmeldes et aktivt event.<br \/>&#8211; Klik p\u00e5 knappen &#8220;Opret Tilmelding&#8221; i bunden af sektionen for tilmeldinger (gr\u00e5 boks).<br \/>\u00a4 Ny Side for tilmelding \u00e5bner og du skal nu igennem 4 step.<br \/>1- V\u00e6lg event og klik p\u00e5 &#8220;Opret tilmelding&#8221;.<br \/>2 -V\u00e6lg de medlemmer af teamet der skal tilmeldes og klik p\u00e5 knappen &#8220;N\u00e6ste trin&#8221;<br \/>3- Foretag tilvalg der er tilg\u00e6ngelige for aktuelle event, for de enkelte medlemmer og klik p\u00e5 &#8220;N\u00e6ste trin&#8221;.<br \/>4- Gennemse tilmelding, l\u00e6s og accepter betingelser og klik p\u00e5 &#8220;Send tilmelding&#8221;.<br \/>Tilmelding er nu afgivet.<br \/>Der kan tilmeldes flere medlemmer og rettes i tilmeldinger frem til tilmeldings frist.<br \/>BEM\u00c6RK!<br \/>Efter tilmeldingsfrist l\u00e5se data for de p\u00e5g\u00e6ldende tilmeldte og tilmelding er bindende.<br \/>Bem\u00e6rk ogs\u00e5 at boksere kun kan tilmeldes hvis data opdateret dvs. er opdateret inden for den sidste m\u00e5ned.\u00a0<br \/>\u00a0<br \/><\/div><\/div>\r\n<div class=\"su-spoiler su-spoiler-style-fancy su-spoiler-icon-plus-circle su-spoiler-closed\" data-anchor=\"FAQ8\" data-scroll-offset=\"0\" data-anchor-in-url=\"no\"><div class=\"su-spoiler-title\" tabindex=\"0\" role=\"button\"><span class=\"su-spoiler-icon\"><\/span>Medlem\/bokser, er ikke p\u00e5 listen n\u00e5r der skal tilmeldes<\/div><div class=\"su-spoiler-content su-u-clearfix su-u-trim\">Hvis et medlem ikke er at finde p\u00e5 listen i step 2 af tilmelding, kan dette skyldes f\u00f8lgende.<br \/>-Medlem er ikke oprettet korrekt i teamet (kontroller om medlem er del af teamet)<br \/>-Medlem er allerede tilmeldt det valgte event.<br \/>-Hvis bokser&#8217;s data ikke er opdateret inden for den sidste m\u00e5ned, skal dette g\u00f8res f\u00f8rst, ogs\u00e5 selv om der ikke er \u00e6ndringer.<br \/>Bokser opdateres\/data bekr\u00e6ftes, ved at redigere den p\u00e5g\u00e6ldende bokser, evt. rette data og klik gem i bunden\u00a0 \u00a0<br \/><\/div><\/div>\r\n<div class=\"su-spoiler su-spoiler-style-fancy su-spoiler-icon-plus-circle su-spoiler-closed\" data-anchor=\"FAQ9\" data-scroll-offset=\"0\" data-anchor-in-url=\"no\"><div class=\"su-spoiler-title\" tabindex=\"0\" role=\"button\"><span class=\"su-spoiler-icon\"><\/span>Hvorn\u00e5r er bokser tilmeldt<\/div><div class=\"su-spoiler-content su-u-clearfix su-u-trim\">For at tilmelde en bokser, leder eller dommer skal de f\u00f8rst oprettes i teamet som medlemmer og herefter kan de tilmeldes events.<br \/>P\u00e5 Teamprofil hovedside, kan aktive tilmeldinger ses under tilmeldinger i den gr\u00e5 boks.<br \/>Dette er g\u00e6ldende tilmeldinger og\u00a0 herved er pladsen reserveret for de tilmeldte medlemmer.<br \/>Tilmeldinger kan dog \u00e6ndres indtil tilmeldingsfristen hvorefter der ikke kan tilf\u00f8jes eller \u00e6ndres i data og tilmelding er bindende.<br \/>Hvis er ikke st\u00e5r nogen events i den gr\u00e5 boks for tilmeldinger er der ingen aktive tilmeldinger!\u00a0<br \/><img loading=\"lazy\" decoding=\"async\" class=\"alignnone size-full wp-image-1229\" src=\"https:\/\/hskboxcup.dk\/event\/wp-content\/uploads\/sites\/2\/2023\/07\/Tilmeld_dk.png\" alt=\"\" width=\"1021\" height=\"556\" \/>\u00a0<\/p>\r\n<div>Da der kan \u00e6ndres i tilmeldinger frem til deadline, sender systemet ikke automatisk kvitteringer, da det tidligere har skabt forvirring med evt. flere mails.<\/div>\r\n<div>Du kan dog trykke p\u00e5 vis i h\u00f8jresiden af aktiv tilmelding (her kan der ogs\u00e5 rettes) og i bunden kan du sende en kvittering pr. Mail .<br \/><br \/>Ved udl\u00f8b af tilmeldingsfrist, fremsendes en samlet faktura til den teamansvarlige.<br \/>Betaling skal ske som en samlet betaling, vi kan ikke modtage delbetalinger fra forskellige personer og holde styr p\u00e5 dette for de enkelte teams.<br \/>Betaling kan ske via bankoverf\u00f8relse.<br \/><br \/><\/div><\/div><\/div>\r\n<div class=\"su-spoiler su-spoiler-style-fancy su-spoiler-icon-plus-circle su-spoiler-closed\" data-anchor=\"FAQ10\" data-scroll-offset=\"0\" data-anchor-in-url=\"no\"><div class=\"su-spoiler-title\" tabindex=\"0\" role=\"button\"><span class=\"su-spoiler-icon\"><\/span>\u00c6ndringer i tilmelding<\/div><div class=\"su-spoiler-content su-u-clearfix su-u-trim\">Frem til tilmeldingsfrist kan tilmeldinger rettes, herefter l\u00e5ses data p\u00e5 tilmeldingen og den er bindende.<br \/>Tilmeldinger rettes ud fra f\u00f8lgende.<br \/>Under team profilen i sektionen for tilmeldinger (gr\u00e5 boks) er der for hvert aktive event med tilmeldinger en knap (\u00f8je) i h\u00f8jre side.<br \/>Ved klik p\u00e5 denne vises detaljer og<\/p>\r\n<p>\u00a0kan der udf\u00f8res f\u00f8lgende \u00e6ndringer pr. medlem.<br \/>-Slet\/fjern medlem og herved tilmelding.<br \/>-Fjern eller tilf\u00f8j tilvalg for de enkelte medlemmer.<br \/>Hvis der skal rettes i data for medlemmer eks. v\u00e6gt el. kampantal, g\u00f8res dette ved at redigere medlemmet i teamet.<br \/>Disse \u00e6ndringer vil sl\u00e5 igennem p\u00e5 tilmeldinger ogs\u00e5, men kun frem til tilmeldingsfrist..\u00a0 \u00a0 \u00a0<br \/><\/div><\/div> ","protected":false},"excerpt":{"rendered":"<p>&nbsp; P\u00e5 de forskellige sider findes der et infofelt som beskriver og guider i de forskellige moduler (klik p\u00e5 Plus tegnet). Opret en team profil og kom i gang med tilmelding til HSK events.Bem\u00e6rk at systemet er delt i 2.1- F\u00f8rst oprettes bokser, leder eller dommer i teamet. 2- Herefter kan tilmelding og tilvalg foretages [&hellip;]<\/p>\n","protected":false},"author":1,"featured_media":0,"parent":0,"menu_order":0,"comment_status":"closed","ping_status":"closed","template":"","meta":{"footnotes":""},"folder":[5],"class_list":["post-1084","page","type-page","status-publish","hentry"],"_links":{"self":[{"href":"https:\/\/hskboxcup.dk\/event\/wp-json\/wp\/v2\/pages\/1084","targetHints":{"allow":["GET"]}}],"collection":[{"href":"https:\/\/hskboxcup.dk\/event\/wp-json\/wp\/v2\/pages"}],"about":[{"href":"https:\/\/hskboxcup.dk\/event\/wp-json\/wp\/v2\/types\/page"}],"author":[{"embeddable":true,"href":"https:\/\/hskboxcup.dk\/event\/wp-json\/wp\/v2\/users\/1"}],"replies":[{"embeddable":true,"href":"https:\/\/hskboxcup.dk\/event\/wp-json\/wp\/v2\/comments?post=1084"}],"version-history":[{"count":36,"href":"https:\/\/hskboxcup.dk\/event\/wp-json\/wp\/v2\/pages\/1084\/revisions"}],"predecessor-version":[{"id":1272,"href":"https:\/\/hskboxcup.dk\/event\/wp-json\/wp\/v2\/pages\/1084\/revisions\/1272"}],"wp:attachment":[{"href":"https:\/\/hskboxcup.dk\/event\/wp-json\/wp\/v2\/media?parent=1084"}],"wp:term":[{"taxonomy":"folder","embeddable":true,"href":"https:\/\/hskboxcup.dk\/event\/wp-json\/wp\/v2\/folder?post=1084"}],"curies":[{"name":"wp","href":"https:\/\/api.w.org\/{rel}","templated":true}]}}